{"id":43,"date":"2026-04-22T18:54:39","date_gmt":"2026-04-22T18:54:39","guid":{"rendered":"http:\/\/moveshonpakambio.com\/?page_id=43"},"modified":"2026-04-22T21:54:57","modified_gmt":"2026-04-22T21:54:57","slug":"biografia-di-elba-mercera","status":"publish","type":"page","link":"https:\/\/moveshonpakambio.com\/index.php\/biografia-di-elba-mercera\/","title":{"rendered":"Biografia di Elba Mercera"},"content":{"rendered":"\n<p>Mi ta un se\u00f1ora kas\u00e1, mi n\u00f2mber ta Elba Mercera, nas\u00e9 na Rincon, Bonaire, dia 25 di y\u00fcni 1955. Mi ta<br>kas\u00e1 ku se\u00f1or Silvio Mercera, i huntu nos tin un yu h\u00f2mber, Suradno Mercera, i dos nietunan: Sukela<br>Mercera i Sufarno Mercera.<\/p>\n\n\n\n<figure class=\"wp-block-image alignleft size-large is-resized\"><img loading=\"lazy\" decoding=\"async\" width=\"768\" height=\"1024\" src=\"http:\/\/moveshonpakambio.com\/wp-content\/uploads\/2026\/04\/Elba2-768x1024.jpeg\" alt=\"\" class=\"wp-image-66\" style=\"aspect-ratio:0.7500040974874207;width:346px;height:auto\" srcset=\"https:\/\/moveshonpakambio.com\/wp-content\/uploads\/2026\/04\/Elba2-768x1024.jpeg 768w, https:\/\/moveshonpakambio.com\/wp-content\/uploads\/2026\/04\/Elba2-225x300.jpeg 225w, https:\/\/moveshonpakambio.com\/wp-content\/uploads\/2026\/04\/Elba2-1152x1536.jpeg 1152w, https:\/\/moveshonpakambio.com\/wp-content\/uploads\/2026\/04\/Elba2.jpeg 1200w\" sizes=\"auto, (max-width: 768px) 100vw, 768px\" \/><\/figure>\n\n\n\n<p>For di mi hubentut mi tabata hopi aktivo den komunidat na Rincon. Mi a partisip\u00e1 den diferente aktividatnan di iglesia, manera den koor di misa Santa Cecilia, den damesclub, den organisashon di Dia di Rincon, i tambe den diferente aktividatnan di karnaval. Ademas di mi trabou voluntario, mi a traha durante 17 a\u00f1a na Cambes na Playa i 10 a\u00f1a komo costurera di misa.<\/p>\n\n\n\n<p>Na 1999 mi i mi famia a emigra pa Tilburg, Hulanda. Aya mi a sigui traha den sektor di produkshon pa un periodo di 15 a\u00f1a, i despues mi a traha den sektor di limpiesa te ora mi a baha ku penshun.<\/p>\n\n\n\n<p>Tambe na Hulanda mi a keda hopi aktivo den komunidat. Mi a sigui kanta den koor di misa, i mi mes a funda un damesclub. Ademas di esaki mi a hasi trabou voluntario na wijkcentrum i mi a kumins\u00e1 organis\u00e1 misa pa atianonan tur luna. Den karnaval mi a baila den un grupo na Tilburg pa 20 a\u00f1a largu, i despues mi a kumins\u00e1 organis\u00e1 se\u00fa pa 10 a\u00f1a.<\/p>\n\n\n\n<p>Mi a keda semper ku e deseo pa sigui selebr\u00e1 i manten\u00e9 tradishon di Dia di Rincon tambe na<br>Hulanda. Despues mi a deskubr\u00ed ku se\u00f1or Tico Balentien a organis\u00e1 e aktividat un biaha na 2001 na Delft, pero despues el a st\u00f2p ku e organizashon.<\/p>\n\n\n\n<p>Despues di buska un lug\u00e1 adeku\u00e1, Gemeente Tilburg a refer\u00ed mi na Bosvreugd. Na e lug\u00e1 ey mi a kumins\u00e1 organis\u00e1 Dia di Rincon na Tilburg. Ku hopi amor, dedikashon i forsa propio mi a logra manten\u00e9 e evento pa 23 a\u00f1a consecutivo.<\/p>\n\n\n\n<p>Mi a organis\u00e1 e evento pa prom\u00e9 biaha na 2003, i e a\u00f1a aki mi ta e Embahadora di e evento. Durante tur e a\u00f1a nan mi a logra sigui ku e aktividat sin subsidio, solamente ku mi propio esfuerso i sout di komunidat. Den e ultimo dos a\u00f1a, Openbaar Lichaam Bonaire a kumins\u00e1 sponsor e evento ku un kontribushon.<\/p>\n\n\n\n<p>Na 2005 mi a risib\u00ed un premio kultural komo rekonosementu pa mi trabou den komunidat. Na 2025 mi a ser ofisialmente rekonos\u00ed na Rincon pa Openbaar Lichaam Bonaire, komo apresiashon pa mi kontribushon na preservashon di kultura i tradishon di Rincon na Hulanda.<\/p>\n\n\n\n<p>Den 2025, Naidy Cicilia a aserka mi ku e petishon pa por intervist\u00e1 hende riba historia di Dia di<br>Rincon. Durante e proseso nos a sera i nos a bai tour den Rincon, pa e por mira su famianan, ya ku<br>ela a muda den su hubentut for di Bonaire pa Hulanda.<\/p>\n\n\n\n<p>Su difuntu mama, ku tabata prima di mi kas, tabata konos\u00ed pa nos i semper el a bishit\u00e1 Dia di Rincon<br>huntu ku su yunan na Rincon, Bonaire, i despues nan a sigui bishit\u00e1 Dia di Rincon na Hulanda.<\/p>\n","protected":false},"excerpt":{"rendered":"<p>Mi ta un se\u00f1ora kas\u00e1, mi n\u00f2mber ta Elba Mercera, nas\u00e9 na Rincon, Bonaire, dia 25 di y\u00fcni 1955. Mi takas\u00e1 ku se\u00f1or Silvio Mercera, i huntu nos tin un yu h\u00f2mber, Suradno Mercera, i dos nietunan: SukelaMercera i Sufarno Mercera. For di mi hubentut mi tabata hopi aktivo den komunidat na Rincon. Mi a [&hellip;]<\/p>\n","protected":false},"author":2,"featured_media":0,"parent":0,"menu_order":0,"comment_status":"closed","ping_status":"closed","template":"","meta":{"site-container-style":"default","site-container-layout":"default","site-sidebar-layout":"default","disable-article-header":"default","disable-site-header":"default","disable-site-footer":"default","disable-content-area-spacing":"default","footnotes":""},"class_list":["post-43","page","type-page","status-publish","hentry"],"_links":{"self":[{"href":"https:\/\/moveshonpakambio.com\/index.php\/wp-json\/wp\/v2\/pages\/43","targetHints":{"allow":["GET"]}}],"collection":[{"href":"https:\/\/moveshonpakambio.com\/index.php\/wp-json\/wp\/v2\/pages"}],"about":[{"href":"https:\/\/moveshonpakambio.com\/index.php\/wp-json\/wp\/v2\/types\/page"}],"author":[{"embeddable":true,"href":"https:\/\/moveshonpakambio.com\/index.php\/wp-json\/wp\/v2\/users\/2"}],"replies":[{"embeddable":true,"href":"https:\/\/moveshonpakambio.com\/index.php\/wp-json\/wp\/v2\/comments?post=43"}],"version-history":[{"count":3,"href":"https:\/\/moveshonpakambio.com\/index.php\/wp-json\/wp\/v2\/pages\/43\/revisions"}],"predecessor-version":[{"id":68,"href":"https:\/\/moveshonpakambio.com\/index.php\/wp-json\/wp\/v2\/pages\/43\/revisions\/68"}],"wp:attachment":[{"href":"https:\/\/moveshonpakambio.com\/index.php\/wp-json\/wp\/v2\/media?parent=43"}],"curies":[{"name":"wp","href":"https:\/\/api.w.org\/{rel}","templated":true}]}}