{"id":14,"date":"2026-04-18T14:18:09","date_gmt":"2026-04-18T14:18:09","guid":{"rendered":"http:\/\/moveshonpakambio.com\/?page_id=14"},"modified":"2026-04-22T21:12:13","modified_gmt":"2026-04-22T21:12:13","slug":"about","status":"publish","type":"page","link":"https:\/\/moveshonpakambio.com\/index.php\/about\/","title":{"rendered":"Ken Nos Ta"},"content":{"rendered":"\n<p><\/p>\n\n\n\n<figure class=\"wp-block-table\"><table class=\"has-fixed-layout\"><tbody><tr><td><img decoding=\"async\" src=\"http:\/\/moveshonpakambio.com\/wp-content\/uploads\/2026\/04\/Naidy.jpg\" alt=\"\"><\/td><td><img decoding=\"async\" src=\"http:\/\/moveshonpakambio.com\/wp-content\/uploads\/2026\/04\/Elba.jpeg\" alt=\"\"><\/td><\/tr><tr><td><strong>Naidy Cicilia<\/strong><br>Mi ta un Boneriano ku su bida i trabou ta profundamente liga ku preservashon di kultura, historia, edukashon i bienestar di komunidat di Boneiru.<br><a href=\"http:\/\/moveshonpakambio.com\/index.php\/biografia-di-naidy-cicilia\/\" data-type=\"page\" data-id=\"41\">Lesa mi biografia<\/a><\/td><td><strong>Elba<\/strong> <strong>Mercera<\/strong><br>Mi n\u00f2mber ta Elba Mercera, nas\u00e9 na Rincon, Bonaire, dia 25 di y\u00fcni 1955. Mi ta kas\u00e1 ku se\u00f1or Silvio Mercera.<br><br><a href=\"http:\/\/moveshonpakambio.com\/index.php\/biografia-di-elba-mercera\/\" data-type=\"page\" data-id=\"43\">Lesa mi biografia<\/a><\/td><\/tr><\/tbody><\/table><\/figure>\n","protected":false},"excerpt":{"rendered":"<p>Naidy CiciliaMi ta un Boneriano ku su bida i trabou ta profundamente liga ku preservashon di kultura, historia, edukashon i bienestar di komunidat di Boneiru.Lesa mi biografia Elba MerceraMi n\u00f2mber ta Elba Mercera, nas\u00e9 na Rincon, Bonaire, dia 25 di y\u00fcni 1955. Mi ta kas\u00e1 ku se\u00f1or Silvio Mercera. Lesa mi biografia<\/p>\n","protected":false},"author":2,"featured_media":0,"parent":0,"menu_order":0,"comment_status":"closed","ping_status":"closed","template":"","meta":{"site-container-style":"default","site-container-layout":"default","site-sidebar-layout":"default","disable-article-header":"default","disable-site-header":"default","disable-site-footer":"default","disable-content-area-spacing":"default","footnotes":""},"class_list":["post-14","page","type-page","status-publish","hentry"],"_links":{"self":[{"href":"https:\/\/moveshonpakambio.com\/index.php\/wp-json\/wp\/v2\/pages\/14","targetHints":{"allow":["GET"]}}],"collection":[{"href":"https:\/\/moveshonpakambio.com\/index.php\/wp-json\/wp\/v2\/pages"}],"about":[{"href":"https:\/\/moveshonpakambio.com\/index.php\/wp-json\/wp\/v2\/types\/page"}],"author":[{"embeddable":true,"href":"https:\/\/moveshonpakambio.com\/index.php\/wp-json\/wp\/v2\/users\/2"}],"replies":[{"embeddable":true,"href":"https:\/\/moveshonpakambio.com\/index.php\/wp-json\/wp\/v2\/comments?post=14"}],"version-history":[{"count":6,"href":"https:\/\/moveshonpakambio.com\/index.php\/wp-json\/wp\/v2\/pages\/14\/revisions"}],"predecessor-version":[{"id":63,"href":"https:\/\/moveshonpakambio.com\/index.php\/wp-json\/wp\/v2\/pages\/14\/revisions\/63"}],"wp:attachment":[{"href":"https:\/\/moveshonpakambio.com\/index.php\/wp-json\/wp\/v2\/media?parent=14"}],"curies":[{"name":"wp","href":"https:\/\/api.w.org\/{rel}","templated":true}]}}