{"id":13,"date":"2026-04-18T14:18:09","date_gmt":"2026-04-18T14:18:09","guid":{"rendered":"http:\/\/moveshonpakambio.com\/?page_id=13"},"modified":"2026-04-24T18:21:01","modified_gmt":"2026-04-24T18:21:01","slug":"home","status":"publish","type":"page","link":"https:\/\/moveshonpakambio.com\/","title":{"rendered":"Home"},"content":{"rendered":"\n<p>Bon Bini<\/p>\n\n\n\n<p>Bon Bini na Moveshon pa Kambio \u2013 Juf Ida<\/p>\n\n\n\n<p>Nos ta kontentu ku bo ta aki. Moveshon pa Kambio ta un plataforma kultural ku ta trese hende huntu, inspir\u00e1 i motiv\u00e1 nan den nan kresementu i desaroyo personal. Nos ta kere ku tur hende tin e poder pa trese kambio positivo den nan bida, paso pa paso, bas\u00e1 riba nan propio balornan, konosementu i kompromiso.<\/p>\n\n\n\n<p>Aki bo ta ha\u00f1a historianan, l\u00e8snan i h\u00e8rm\u00e8ntnan pa sosten\u00e9 bo den kresementu, super\u00e1 retonan i desaroy\u00e1 bo mes mas aleu. Nos meta ta pa krea un komunidat fuerte i inklusivo kaminda konekshon, r\u00e8sp\u00e8t i kresementu ta tuma e sentro di atenshon.<\/p>\n\n\n\n<p>Tuma un asiento i kumins\u00e1 bo biahe di kambio awe mes.<\/p>\n\n\n\n<p><\/p>\n","protected":false},"excerpt":{"rendered":"<p>Bon Bini Bon Bini na Moveshon pa Kambio \u2013 Juf Ida Nos ta kontentu ku bo ta aki. Moveshon pa Kambio ta un plataforma kultural ku ta trese hende huntu, inspir\u00e1 i motiv\u00e1 nan den nan kresementu i desaroyo personal. Nos ta kere ku tur hende tin e poder pa trese kambio positivo den nan [&hellip;]<\/p>\n","protected":false},"author":2,"featured_media":0,"parent":0,"menu_order":0,"comment_status":"closed","ping_status":"closed","template":"","meta":{"site-container-style":"default","site-container-layout":"default","site-sidebar-layout":"default","disable-article-header":"default","disable-site-header":"default","disable-site-footer":"default","disable-content-area-spacing":"default","footnotes":""},"class_list":["post-13","page","type-page","status-publish","hentry"],"_links":{"self":[{"href":"https:\/\/moveshonpakambio.com\/index.php\/wp-json\/wp\/v2\/pages\/13","targetHints":{"allow":["GET"]}}],"collection":[{"href":"https:\/\/moveshonpakambio.com\/index.php\/wp-json\/wp\/v2\/pages"}],"about":[{"href":"https:\/\/moveshonpakambio.com\/index.php\/wp-json\/wp\/v2\/types\/page"}],"author":[{"embeddable":true,"href":"https:\/\/moveshonpakambio.com\/index.php\/wp-json\/wp\/v2\/users\/2"}],"replies":[{"embeddable":true,"href":"https:\/\/moveshonpakambio.com\/index.php\/wp-json\/wp\/v2\/comments?post=13"}],"version-history":[{"count":5,"href":"https:\/\/moveshonpakambio.com\/index.php\/wp-json\/wp\/v2\/pages\/13\/revisions"}],"predecessor-version":[{"id":73,"href":"https:\/\/moveshonpakambio.com\/index.php\/wp-json\/wp\/v2\/pages\/13\/revisions\/73"}],"wp:attachment":[{"href":"https:\/\/moveshonpakambio.com\/index.php\/wp-json\/wp\/v2\/media?parent=13"}],"curies":[{"name":"wp","href":"https:\/\/api.w.org\/{rel}","templated":true}]}}